{"id":2745,"date":"2018-09-04T16:16:35","date_gmt":"2018-09-04T14:16:35","guid":{"rendered":"http:\/\/172.16.176.165\/wordpressblog\/?page_id=2745"},"modified":"2026-03-18T14:23:59","modified_gmt":"2026-03-18T13:23:59","slug":"impressum","status":"publish","type":"page","link":"https:\/\/blog.ggmgastro.com\/de\/impressum\/","title":{"rendered":"Impressum"},"content":{"rendered":"\t\t<div data-elementor-type=\"wp-post\" data-elementor-id=\"2745\" class=\"elementor elementor-2745\" data-elementor-settings=\"[]\">\n\t\t\t\t\t\t<div class=\"elementor-inner\">\n\t\t\t\t\t\t\t<div class=\"elementor-section-wrap\">\n\t\t\t\t\t\t\t<section class=\"has_eae_slider elementor-section elementor-top-section elementor-element elementor-element-15cc17f elementor-section-boxed elementor-section-height-default elementor-section-height-default\" data-id=\"15cc17f\" data-element_type=\"section\" data-settings=\"{&quot;background_background&quot;:&quot;classic&quot;}\">\n\t\t\t\t\t\t<div class=\"elementor-container elementor-column-gap-default\">\n\t\t\t\t\t\t\t<div class=\"elementor-row\">\n\t\t\t\t\t<div class=\"has_eae_slider elementor-column elementor-col-100 elementor-top-column elementor-element elementor-element-6486d1c\" data-id=\"6486d1c\" data-element_type=\"column\">\n\t\t\t<div class=\"elementor-column-wrap elementor-element-populated\">\n\t\t\t\t\t\t\t<div class=\"elementor-widget-wrap\">\n\t\t\t\t\t\t<section class=\"has_eae_slider elementor-section elementor-inner-section elementor-element elementor-element-924e11d elementor-section-boxed elementor-section-height-default elementor-section-height-default\" data-id=\"924e11d\" data-element_type=\"section\" data-settings=\"{&quot;background_background&quot;:&quot;classic&quot;}\">\n\t\t\t\t\t\t<div class=\"elementor-container elementor-column-gap-default\">\n\t\t\t\t\t\t\t<div class=\"elementor-row\">\n\t\t\t\t\t<div class=\"has_eae_slider elementor-column elementor-col-100 elementor-inner-column elementor-element elementor-element-d773370\" data-id=\"d773370\" data-element_type=\"column\">\n\t\t\t<div class=\"elementor-column-wrap elementor-element-populated\">\n\t\t\t\t\t\t\t<div class=\"elementor-widget-wrap\">\n\t\t\t\t\t\t<div class=\"elementor-element elementor-element-b60aefa elementor-widget elementor-widget-spacer\" data-id=\"b60aefa\" data-element_type=\"widget\" data-widget_type=\"spacer.default\">\n\t\t\t\t<div class=\"elementor-widget-container\">\n\t\t\t\t\t<div class=\"elementor-spacer\">\n\t\t\t<div class=\"elementor-spacer-inner\"><\/div>\n\t\t<\/div>\n\t\t\t\t<\/div>\n\t\t\t\t<\/div>\n\t\t\t\t<div class=\"elementor-element elementor-element-7e0e2d9 elementor-widget elementor-widget-text-editor\" data-id=\"7e0e2d9\" data-element_type=\"widget\" data-widget_type=\"text-editor.default\">\n\t\t\t\t<div class=\"elementor-widget-container\">\n\t\t\t\t\t<div class=\"elementor-text-editor elementor-clearfix\"><div class=\"page-title\">\n<h1>Impressum<\/h1>\n<\/div>\n<div class=\"std\">\n<p>Impressum GGM Gastro International GmbH<\/p>\n<p>Alle Rechte vorbehalten. Die Informationen sind Eigentum der GGM Gastro International GmbH&nbsp;<br>(im Folgenden GGM genannt.)&nbsp;<br>Sie stellen die zum Zeitpunkt der Publikation jeweils neusten Informationen dar.&nbsp;<\/p>\n<p>Eine Haftung oder Garantie f\u00fcr die Aktualit\u00e4t, Richtigkeit und Vollst\u00e4ndigkeit der zur Verf\u00fcgung&nbsp;<br>gestellten Informationen und Daten ist ausgeschlossen.&nbsp;<\/p>\n<p>Dies gilt ebenso f\u00fcr alle anderen Websites, auf die mittels eines Hyperlinks verwiesen wird.&nbsp;<br>F\u00fcr den Inhalt solcher Seiten ist GGM nicht verantwortlich.&nbsp;<\/p>\n<p>Die Informationen auf den Webseiten stellen in keinem Fall rechtliche Zusicherungen dar.&nbsp;<br>GGM beh\u00e4lt sich das Recht vor, bei Bedarf \u00c4nderungen oder Erg\u00e4nzungen der bereitgestellten&nbsp;<br>Informationen oder Daten durchzuf\u00fchren. Aus den hier beschriebenen Themenbereichen k\u00f6nnen&nbsp;<br>keine Rechtsanspr\u00fcche abgeleitet werden. Angebote sind in allen Teilen unverbindlich.&nbsp;<\/p>\n<p>GGM haftet weder f\u00fcr direkte noch indirekte Sch\u00e4den, die durch die Nutzung der Informationen&nbsp;<br>oder Daten entstehen, die auf dieser Website zu finden sind.&nbsp;<br>Rechte und Pflichten zwischen GGM und dem Nutzer der Website oder Dritten bestehen nicht.&nbsp;<\/p>\n<p>Die Inhalte der GGM Website sind urheberrechtlich gesch\u00fctzt. Die Inhalte d\u00fcrfen weder ganz&nbsp;<br>noch teilweise ohne vorherige schriftliche Genehmigung des Urhebers vervielf\u00e4ltigt und\/oder&nbsp;<br>ver\u00f6ffentlicht oder in einem Informationssystem gespeichert werden.&nbsp;<\/p>\n<p>S\u00e4mtliche Informationen oder Daten, ihre Nutzung sowie s\u00e4mtliches mit der Website von GGM&nbsp;<br>zusammenh\u00e4ngendes Tun, Dulden oder Unterlassen unterliegen ausschlie\u00dflich deutschem Recht,&nbsp;<br>unter Ausschluss von internationalem Recht.&nbsp;<br>Erf\u00fcllungsort und ausschlie\u00dflicher Gerichtsstand ist Steinfurt.<\/p>\n<p><\/p>\n<div><p><strong>GGM Gastro International GmbH<\/strong>&nbsp;<\/p>\n<p>Gesch\u00e4ftsf\u00fchrer: Ferit Inan &amp; \u00d6mer Elma&nbsp;<\/p>\n<p>Weinerpark 16&nbsp;<br>D &#8211; 48607 Ochtrup<\/p>\n<p>Tel: +49 (0) 2553 &#8211; 72 20 &#8211; 0&nbsp;<br>Fax: +49 (0) 2553 &#8211; 72 20 20 &#8211; 200<\/p>\n<p><a href=\"http:\/\/www.ggmgastro.com\/\">www.ggmgastro.com<\/a><br><a href=\"mailto:info@ggmgastro.com\">info@ggmgastro.com<\/a><\/p>\n<p><strong>Bankverbindung:<\/strong><\/p>\n<p>Volksbank Gronau-Ahaus eG<br>Bankleitzahl: 401 640 24<br>Kontonummer: 207 967 202<br>SWIFT\/BIC: GENODEM1GRN<br>IBAN-Nr: DE10 4016 4024 0207 9672 02<\/p>\n<p>UST-ID: DE 815 30 62 47<br>Zollnummer: DE 1867628<\/p>\n<p>Amtsgericht: HRB9637 &#8211; Steinfurt<\/p>\n<\/div>\n<\/div><\/div>\n\t\t\t\t<\/div>\n\t\t\t\t<\/div>\n\t\t\t\t<div class=\"elementor-element elementor-element-3843e80 elementor-widget elementor-widget-spacer\" data-id=\"3843e80\" data-element_type=\"widget\" data-widget_type=\"spacer.default\">\n\t\t\t\t<div class=\"elementor-widget-container\">\n\t\t\t\t\t<div class=\"elementor-spacer\">\n\t\t\t<div class=\"elementor-spacer-inner\"><\/div>\n\t\t<\/div>\n\t\t\t\t<\/div>\n\t\t\t\t<\/div>\n\t\t\t\t\t\t<\/div>\n\t\t\t\t\t<\/div>\n\t\t<\/div>\n\t\t\t\t\t\t\t\t<\/div>\n\t\t\t\t\t<\/div>\n\t\t<\/section>\n\t\t\t\t\t\t<\/div>\n\t\t\t\t\t<\/div>\n\t\t<\/div>\n\t\t\t\t\t\t\t\t<\/div>\n\t\t\t\t\t<\/div>\n\t\t<\/section>\n\t\t\t\t\t\t<\/div>\n\t\t\t\t\t\t<\/div>\n\t\t\t\t\t<\/div>\n\t\t","protected":false},"excerpt":{"rendered":"<p>Impressum Impressum GGM Gastro International GmbH Alle Rechte vorbehalten. Die Informationen sind Eigentum der GGM Gastro International GmbH&nbsp;(im Folgenden GGM genannt.)&nbsp;Sie stellen die zum Zeitpunkt der Publikation jeweils neusten Informationen dar.&nbsp; Eine Haftung oder Garantie f\u00fcr die Aktualit\u00e4t, Richtigkeit und Vollst\u00e4ndigkeit der zur Verf\u00fcgung&nbsp;gestellten Informationen und Daten ist ausgeschlossen.&nbsp; Dies gilt ebenso f\u00fcr alle anderen [&hellip;]<\/p>\n","protected":false},"author":1,"featured_media":0,"parent":0,"menu_order":0,"comment_status":"closed","ping_status":"closed","template":"","meta":[],"yoast_head":"<!-- This site is optimized with the Yoast SEO plugin v18.3 - https:\/\/yoast.com\/wordpress\/plugins\/seo\/ -->\n<title>Impressum | Blog - GGM Gastro International GmbH<\/title>\n<meta name=\"robots\" content=\"index, follow, max-snippet:-1, max-image-preview:large, max-video-preview:-1\" \/>\n<link rel=\"canonical\" href=\"https:\/\/blog.ggmgastro.com\/de\/impressum\/\" \/>\n<meta property=\"og:locale\" content=\"de_DE\" \/>\n<meta property=\"og:type\" content=\"article\" \/>\n<meta property=\"og:title\" content=\"Impressum | Blog - GGM Gastro International GmbH\" \/>\n<meta property=\"og:description\" content=\"Impressum Impressum GGM Gastro International GmbH Alle Rechte vorbehalten. Die Informationen sind Eigentum der GGM Gastro International GmbH&nbsp;(im Folgenden GGM genannt.)&nbsp;Sie stellen die zum Zeitpunkt der Publikation jeweils neusten Informationen dar.&nbsp; Eine Haftung oder Garantie f\u00fcr die Aktualit\u00e4t, Richtigkeit und Vollst\u00e4ndigkeit der zur Verf\u00fcgung&nbsp;gestellten Informationen und Daten ist ausgeschlossen.&nbsp; Dies gilt ebenso f\u00fcr alle anderen [&hellip;]\" \/>\n<meta property=\"og:url\" content=\"https:\/\/blog.ggmgastro.com\/de\/impressum\/\" \/>\n<meta property=\"og:site_name\" content=\"Blog - GGM Gastro International GmbH\" \/>\n<meta property=\"article:modified_time\" content=\"2026-03-18T13:23:59+00:00\" \/>\n<meta name=\"twitter:card\" content=\"summary_large_image\" \/>\n<meta name=\"twitter:label1\" content=\"Gesch\u00e4tzte Lesezeit\" \/>\n\t<meta name=\"twitter:data1\" content=\"2 Minuten\" \/>\n<script type=\"application\/ld+json\" class=\"yoast-schema-graph\">{\"@context\":\"https:\/\/schema.org\",\"@graph\":[{\"@type\":\"WebSite\",\"@id\":\"https:\/\/blog.ggmgastro.com\/de\/#website\",\"url\":\"https:\/\/blog.ggmgastro.com\/de\/\",\"name\":\"Blog - GGM Gastro International GmbH\",\"description\":\"Alles rund ums Thema Gastronomie!\",\"potentialAction\":[{\"@type\":\"SearchAction\",\"target\":{\"@type\":\"EntryPoint\",\"urlTemplate\":\"https:\/\/blog.ggmgastro.com\/de\/?s={search_term_string}\"},\"query-input\":\"required name=search_term_string\"}],\"inLanguage\":\"de-DE\"},{\"@type\":\"WebPage\",\"@id\":\"https:\/\/blog.ggmgastro.com\/de\/impressum\/#webpage\",\"url\":\"https:\/\/blog.ggmgastro.com\/de\/impressum\/\",\"name\":\"Impressum | Blog - GGM Gastro International GmbH\",\"isPartOf\":{\"@id\":\"https:\/\/blog.ggmgastro.com\/de\/#website\"},\"datePublished\":\"2018-09-04T14:16:35+00:00\",\"dateModified\":\"2026-03-18T13:23:59+00:00\",\"breadcrumb\":{\"@id\":\"https:\/\/blog.ggmgastro.com\/de\/impressum\/#breadcrumb\"},\"inLanguage\":\"de-DE\",\"potentialAction\":[{\"@type\":\"ReadAction\",\"target\":[\"https:\/\/blog.ggmgastro.com\/de\/impressum\/\"]}]},{\"@type\":\"BreadcrumbList\",\"@id\":\"https:\/\/blog.ggmgastro.com\/de\/impressum\/#breadcrumb\",\"itemListElement\":[{\"@type\":\"ListItem\",\"position\":1,\"name\":\"Startseite\",\"item\":\"https:\/\/blog.ggmgastro.com\/de\/\"},{\"@type\":\"ListItem\",\"position\":2,\"name\":\"Impressum\"}]}]}<\/script>\n<!-- \/ Yoast SEO plugin. -->","yoast_head_json":{"title":"Impressum | Blog - GGM Gastro International GmbH","robots":{"index":"index","follow":"follow","max-snippet":"max-snippet:-1","max-image-preview":"max-image-preview:large","max-video-preview":"max-video-preview:-1"},"canonical":"https:\/\/blog.ggmgastro.com\/de\/impressum\/","og_locale":"de_DE","og_type":"article","og_title":"Impressum | Blog - GGM Gastro International GmbH","og_description":"Impressum Impressum GGM Gastro International GmbH Alle Rechte vorbehalten. Die Informationen sind Eigentum der GGM Gastro International GmbH&nbsp;(im Folgenden GGM genannt.)&nbsp;Sie stellen die zum Zeitpunkt der Publikation jeweils neusten Informationen dar.&nbsp; Eine Haftung oder Garantie f\u00fcr die Aktualit\u00e4t, Richtigkeit und Vollst\u00e4ndigkeit der zur Verf\u00fcgung&nbsp;gestellten Informationen und Daten ist ausgeschlossen.&nbsp; Dies gilt ebenso f\u00fcr alle anderen [&hellip;]","og_url":"https:\/\/blog.ggmgastro.com\/de\/impressum\/","og_site_name":"Blog - GGM Gastro International GmbH","article_modified_time":"2026-03-18T13:23:59+00:00","twitter_card":"summary_large_image","twitter_misc":{"Gesch\u00e4tzte Lesezeit":"2 Minuten"},"schema":{"@context":"https:\/\/schema.org","@graph":[{"@type":"WebSite","@id":"https:\/\/blog.ggmgastro.com\/de\/#website","url":"https:\/\/blog.ggmgastro.com\/de\/","name":"Blog - GGM Gastro International GmbH","description":"Alles rund ums Thema Gastronomie!","potentialAction":[{"@type":"SearchAction","target":{"@type":"EntryPoint","urlTemplate":"https:\/\/blog.ggmgastro.com\/de\/?s={search_term_string}"},"query-input":"required name=search_term_string"}],"inLanguage":"de-DE"},{"@type":"WebPage","@id":"https:\/\/blog.ggmgastro.com\/de\/impressum\/#webpage","url":"https:\/\/blog.ggmgastro.com\/de\/impressum\/","name":"Impressum | Blog - GGM Gastro International GmbH","isPartOf":{"@id":"https:\/\/blog.ggmgastro.com\/de\/#website"},"datePublished":"2018-09-04T14:16:35+00:00","dateModified":"2026-03-18T13:23:59+00:00","breadcrumb":{"@id":"https:\/\/blog.ggmgastro.com\/de\/impressum\/#breadcrumb"},"inLanguage":"de-DE","potentialAction":[{"@type":"ReadAction","target":["https:\/\/blog.ggmgastro.com\/de\/impressum\/"]}]},{"@type":"BreadcrumbList","@id":"https:\/\/blog.ggmgastro.com\/de\/impressum\/#breadcrumb","itemListElement":[{"@type":"ListItem","position":1,"name":"Startseite","item":"https:\/\/blog.ggmgastro.com\/de\/"},{"@type":"ListItem","position":2,"name":"Impressum"}]}]}},"_links":{"self":[{"href":"https:\/\/blog.ggmgastro.com\/de\/wp-json\/wp\/v2\/pages\/2745"}],"collection":[{"href":"https:\/\/blog.ggmgastro.com\/de\/wp-json\/wp\/v2\/pages"}],"about":[{"href":"https:\/\/blog.ggmgastro.com\/de\/wp-json\/wp\/v2\/types\/page"}],"author":[{"embeddable":true,"href":"https:\/\/blog.ggmgastro.com\/de\/wp-json\/wp\/v2\/users\/1"}],"replies":[{"embeddable":true,"href":"https:\/\/blog.ggmgastro.com\/de\/wp-json\/wp\/v2\/comments?post=2745"}],"version-history":[{"count":8,"href":"https:\/\/blog.ggmgastro.com\/de\/wp-json\/wp\/v2\/pages\/2745\/revisions"}],"predecessor-version":[{"id":8518,"href":"https:\/\/blog.ggmgastro.com\/de\/wp-json\/wp\/v2\/pages\/2745\/revisions\/8518"}],"wp:attachment":[{"href":"https:\/\/blog.ggmgastro.com\/de\/wp-json\/wp\/v2\/media?parent=2745"}],"curies":[{"name":"wp","href":"https:\/\/api.w.org\/{rel}","templated":true}]}}